{"id":3658,"date":"2021-12-22T09:23:48","date_gmt":"2021-12-22T08:23:48","guid":{"rendered":"https:\/\/www.cech.nowytarg.pl\/?page_id=3658"},"modified":"2021-12-22T09:29:46","modified_gmt":"2021-12-22T08:29:46","slug":"egzaminy-czeladnicze-informacje","status":"publish","type":"page","link":"https:\/\/www.cech.nowytarg.pl\/index.php\/egzaminy-czeladnicze-informacje\/","title":{"rendered":"Egzaminy Czeladnicze &#8211; informacje"},"content":{"rendered":"\t\t<div data-elementor-type=\"wp-page\" data-elementor-id=\"3658\" class=\"elementor elementor-3658\" data-elementor-post-type=\"page\">\n\t\t\t\t\t\t\t\t\t<section data-particle_enable=\"false\" data-particle-mobile-disabled=\"false\" class=\"elementor-section elementor-top-section elementor-element elementor-element-56f5afeb elementor-section-height-min-height elementor-section-boxed elementor-section-height-default elementor-section-items-middle\" data-id=\"56f5afeb\" data-element_type=\"section\" data-settings=\"{&quot;background_background&quot;:&quot;gradient&quot;,&quot;shape_divider_bottom&quot;:&quot;waves&quot;}\">\n\t\t\t\t\t\t\t<div class=\"elementor-background-overlay\"><\/div>\n\t\t\t\t\t\t<div class=\"elementor-shape elementor-shape-bottom\" data-negative=\"false\">\n\t\t\t<svg xmlns=\"http:\/\/www.w3.org\/2000\/svg\" viewBox=\"0 0 1000 100\" preserveAspectRatio=\"none\">\n\t<path class=\"elementor-shape-fill\" d=\"M421.9,6.5c22.6-2.5,51.5,0.4,75.5,5.3c23.6,4.9,70.9,23.5,100.5,35.7c75.8,32.2,133.7,44.5,192.6,49.7\n\tc23.6,2.1,48.7,3.5,103.4-2.5c54.7-6,106.2-25.6,106.2-25.6V0H0v30.3c0,0,72,32.6,158.4,30.5c39.2-0.7,92.8-6.7,134-22.4\n\tc21.2-8.1,52.2-18.2,79.7-24.2C399.3,7.9,411.6,7.5,421.9,6.5z\"\/>\n<\/svg>\t\t<\/div>\n\t\t\t\t\t<div class=\"elementor-container elementor-column-gap-default\">\n\t\t\t\t\t<div class=\"elementor-column elementor-col-100 elementor-top-column elementor-element elementor-element-4651888e\" data-id=\"4651888e\" data-element_type=\"column\">\n\t\t\t<div class=\"elementor-widget-wrap elementor-element-populated\">\n\t\t\t\t\t\t\t\t<div class=\"elementor-element elementor-element-3bce6403 elementor-widget elementor-widget-heading\" data-id=\"3bce6403\" data-element_type=\"widget\" data-widget_type=\"heading.default\">\n\t\t\t\t<div class=\"elementor-widget-container\">\n\t\t\t<h3 class=\"elementor-heading-title elementor-size-default\">Egzaminy Czeladnicze<\/h3>\t\t<\/div>\n\t\t\t\t<\/div>\n\t\t\t\t<div class=\"elementor-element elementor-element-586fcc11 elementor-widget elementor-widget-heading\" data-id=\"586fcc11\" data-element_type=\"widget\" data-widget_type=\"heading.default\">\n\t\t\t\t<div class=\"elementor-widget-container\">\n\t\t\t<h1 class=\"elementor-heading-title elementor-size-default\">Informacje<\/h1>\t\t<\/div>\n\t\t\t\t<\/div>\n\t\t\t\t\t<\/div>\n\t\t<\/div>\n\t\t\t\t\t\t\t<\/div>\n\t\t<\/section>\n\t\t\t\t<section data-particle_enable=\"false\" data-particle-mobile-disabled=\"false\" class=\"elementor-section elementor-top-section elementor-element elementor-element-55447eeb elementor-section-boxed elementor-section-height-default elementor-section-height-default\" data-id=\"55447eeb\" data-element_type=\"section\">\n\t\t\t\t\t\t<div class=\"elementor-container elementor-column-gap-default\">\n\t\t\t\t\t<div class=\"elementor-column elementor-col-100 elementor-top-column elementor-element elementor-element-e0d78a4\" data-id=\"e0d78a4\" data-element_type=\"column\">\n\t\t\t<div class=\"elementor-widget-wrap elementor-element-populated\">\n\t\t\t\t\t\t\t\t<div class=\"elementor-element elementor-element-6bc591d4 elementor-grid-2 elementor-grid-tablet-2 elementor-grid-mobile-1 elementor-posts--thumbnail-top elementor-widget elementor-widget-posts\" data-id=\"6bc591d4\" data-element_type=\"widget\" data-settings=\"{&quot;classic_columns&quot;:&quot;2&quot;,&quot;classic_columns_tablet&quot;:&quot;2&quot;,&quot;classic_columns_mobile&quot;:&quot;1&quot;,&quot;classic_row_gap&quot;:{&quot;unit&quot;:&quot;px&quot;,&quot;size&quot;:35,&quot;sizes&quot;:[]},&quot;classic_row_gap_tablet&quot;:{&quot;unit&quot;:&quot;px&quot;,&quot;size&quot;:&quot;&quot;,&quot;sizes&quot;:[]},&quot;classic_row_gap_mobile&quot;:{&quot;unit&quot;:&quot;px&quot;,&quot;size&quot;:&quot;&quot;,&quot;sizes&quot;:[]}}\" data-widget_type=\"posts.classic\">\n\t\t\t\t<div class=\"elementor-widget-container\">\n\t\t\t\t\t<div class=\"elementor-posts-container elementor-posts elementor-posts--skin-classic elementor-grid\">\n\t\t\t\t<article class=\"elementor-post elementor-grid-item post-4530 post type-post status-publish format-standard has-post-thumbnail hentry category-egzaminy-czeladnicze category-news\">\n\t\t\t\t<a class=\"elementor-post__thumbnail__link\" href=\"https:\/\/www.cech.nowytarg.pl\/index.php\/2023\/01\/17\/stawki-oplat-za-egzaminy-w-2023-roku\/\" tabindex=\"-1\" >\n\t\t\t<div class=\"elementor-post__thumbnail\"><img decoding=\"async\" loading=\"lazy\" width=\"665\" height=\"645\" src=\"https:\/\/www.cech.nowytarg.pl\/wp-content\/uploads\/2023\/01\/logo_nowe.jpg\" class=\"attachment-medium_large size-medium_large wp-image-4535\" alt=\"\" srcset=\"https:\/\/www.cech.nowytarg.pl\/wp-content\/uploads\/2023\/01\/logo_nowe.jpg 665w, https:\/\/www.cech.nowytarg.pl\/wp-content\/uploads\/2023\/01\/logo_nowe-300x291.jpg 300w\" sizes=\"(max-width: 665px) 100vw, 665px\" \/><\/div>\n\t\t<\/a>\n\t\t\t\t<div class=\"elementor-post__text\">\n\t\t\t\t<h3 class=\"elementor-post__title\">\n\t\t\t<a href=\"https:\/\/www.cech.nowytarg.pl\/index.php\/2023\/01\/17\/stawki-oplat-za-egzaminy-w-2023-roku\/\" >\n\t\t\t\tEgzaminy czeladnicze i stawki op\u0142at w 2025 roku\t\t\t<\/a>\n\t\t<\/h3>\n\t\t\t\t<div class=\"elementor-post__meta-data\">\n\t\t\t\t\t<span class=\"elementor-post-date\">\n\t\t\t17\/01\/2023\t\t<\/span>\n\t\t\t\t<span class=\"elementor-post-time\">\n\t\t\t09:41\t\t<\/span>\n\t\t\t\t<\/div>\n\t\t\t\t<div class=\"elementor-post__excerpt\">\n\t\t\t<p>\u00a0 &nbsp; PILNE!!!\u00a0 DOTYCZY: EGZAMIN\u00d3W CZELADNICZYCH Przypominamy, \u017ce wnioski do egzaminu czeladniczego nale\u017cy sk\u0142ada\u0107 w tut. Cechu w nieprzekraczalnym terminie do dnia&nbsp;7 lutego 2025 roku! W przypadku nieprzyst\u0105pienia do egzaminu ucze\u0144 powtarza ostatni\u0105 klas\u0119 szko\u0142y<\/p>\n\t\t<\/div>\n\t\t\n\t\t<a class=\"elementor-post__read-more\" href=\"https:\/\/www.cech.nowytarg.pl\/index.php\/2023\/01\/17\/stawki-oplat-za-egzaminy-w-2023-roku\/\" aria-label=\"Read more about Egzaminy czeladnicze i stawki op\u0142at w 2025 roku\" tabindex=\"-1\" >\n\t\t\tCzytaj dalej \u00bb\t\t<\/a>\n\n\t\t\t\t<\/div>\n\t\t\t\t<\/article>\n\t\t\t\t<article class=\"elementor-post elementor-grid-item post-3651 post type-post status-publish format-standard has-post-thumbnail hentry category-egzaminy-czeladnicze\">\n\t\t\t\t<a class=\"elementor-post__thumbnail__link\" href=\"https:\/\/www.cech.nowytarg.pl\/index.php\/2021\/12\/22\/3651\/\" tabindex=\"-1\" >\n\t\t\t<div class=\"elementor-post__thumbnail\"><img decoding=\"async\" loading=\"lazy\" width=\"640\" height=\"426\" src=\"https:\/\/www.cech.nowytarg.pl\/wp-content\/uploads\/2021\/12\/omr-gbad0302b8_640.jpg\" class=\"attachment-medium_large size-medium_large wp-image-3652\" alt=\"\" srcset=\"https:\/\/www.cech.nowytarg.pl\/wp-content\/uploads\/2021\/12\/omr-gbad0302b8_640.jpg 640w, https:\/\/www.cech.nowytarg.pl\/wp-content\/uploads\/2021\/12\/omr-gbad0302b8_640-300x200.jpg 300w\" sizes=\"(max-width: 640px) 100vw, 640px\" \/><\/div>\n\t\t<\/a>\n\t\t\t\t<div class=\"elementor-post__text\">\n\t\t\t\t<h3 class=\"elementor-post__title\">\n\t\t\t<a href=\"https:\/\/www.cech.nowytarg.pl\/index.php\/2021\/12\/22\/3651\/\" >\n\t\t\t\tNowa organizacja egzamin\u00f3w czeladniczych w 2022 roku\t\t\t<\/a>\n\t\t<\/h3>\n\t\t\t\t<div class=\"elementor-post__meta-data\">\n\t\t\t\t\t<span class=\"elementor-post-date\">\n\t\t\t22\/12\/2021\t\t<\/span>\n\t\t\t\t<span class=\"elementor-post-time\">\n\t\t\t08:24\t\t<\/span>\n\t\t\t\t<\/div>\n\t\t\t\t<div class=\"elementor-post__excerpt\">\n\t\t\t<p>Od 2022 r. obowi\u0105zuj\u0105 przepisy art. 44q ustawy o systemie o\u015bwiaty (Dz. U. z 2020r. poz. 1327 ze zm.) &#8211; warunkuj\u0105ce uko\u0144czenie szko\u0142y bran\u017cowej I stopnia nie tylko od uzyskania przez ucznia pozytywnych ocen klasyfikacyjnych,<\/p>\n\t\t<\/div>\n\t\t\n\t\t<a class=\"elementor-post__read-more\" href=\"https:\/\/www.cech.nowytarg.pl\/index.php\/2021\/12\/22\/3651\/\" aria-label=\"Read more about Nowa organizacja egzamin\u00f3w czeladniczych w 2022 roku\" tabindex=\"-1\" >\n\t\t\tCzytaj dalej \u00bb\t\t<\/a>\n\n\t\t\t\t<\/div>\n\t\t\t\t<\/article>\n\t\t\t\t<\/div>\n\t\t\n\t\t\t\t<\/div>\n\t\t\t\t<\/div>\n\t\t\t\t\t<\/div>\n\t\t<\/div>\n\t\t\t\t\t\t\t<\/div>\n\t\t<\/section>\n\t\t\t\t\t\t\t<\/div>\n\t\t","protected":false},"excerpt":{"rendered":"<p>Egzaminy Czeladnicze Informacje<\/p>\n","protected":false},"author":1,"featured_media":0,"parent":0,"menu_order":0,"comment_status":"closed","ping_status":"closed","template":"","meta":{"footnotes":""},"_links":{"self":[{"href":"https:\/\/www.cech.nowytarg.pl\/index.php\/wp-json\/wp\/v2\/pages\/3658"}],"collection":[{"href":"https:\/\/www.cech.nowytarg.pl\/index.php\/wp-json\/wp\/v2\/pages"}],"about":[{"href":"https:\/\/www.cech.nowytarg.pl\/index.php\/wp-json\/wp\/v2\/types\/page"}],"author":[{"embeddable":true,"href":"https:\/\/www.cech.nowytarg.pl\/index.php\/wp-json\/wp\/v2\/users\/1"}],"replies":[{"embeddable":true,"href":"https:\/\/www.cech.nowytarg.pl\/index.php\/wp-json\/wp\/v2\/comments?post=3658"}],"version-history":[{"count":3,"href":"https:\/\/www.cech.nowytarg.pl\/index.php\/wp-json\/wp\/v2\/pages\/3658\/revisions"}],"predecessor-version":[{"id":3661,"href":"https:\/\/www.cech.nowytarg.pl\/index.php\/wp-json\/wp\/v2\/pages\/3658\/revisions\/3661"}],"wp:attachment":[{"href":"https:\/\/www.cech.nowytarg.pl\/index.php\/wp-json\/wp\/v2\/media?parent=3658"}],"curies":[{"name":"wp","href":"https:\/\/api.w.org\/{rel}","templated":true}]}}