{"id":5148,"date":"2023-11-02T10:25:05","date_gmt":"2023-11-02T09:25:05","guid":{"rendered":"https:\/\/www.cech.nowytarg.pl\/?page_id=5148"},"modified":"2026-03-03T12:47:44","modified_gmt":"2026-03-03T11:47:44","slug":"harmonogram-zajec-kl-ii-2","status":"publish","type":"page","link":"https:\/\/www.cech.nowytarg.pl\/index.php\/harmonogram-zajec-kl-ii-2\/","title":{"rendered":"HARMONOGRAM ZAJ\u0118\u0106 KL. II"},"content":{"rendered":"\n\n\n\n\t\n\t<title><\/title>\n\t\n\t\n\t\n\t\n\t\t\n\t\n\n<p align=\"center\">\n<font face=\"Calibri, sans-serif\"><b>HARMONOGRAM TURNUS DOKSZTA\u0141CANIA\nTEORETYCZNEGO<\/b><\/font><\/p>\n<p align=\"center\"><font face=\"Calibri, sans-serif\"><b>CENTRUM\nKSZTA\u0141CENIA ZAWODOWEGO <\/b><\/font>\n<\/p>\n<p align=\"center\"><font face=\"Calibri, sans-serif\"><b>CECHU RZEMIOS\u0141\nR\u00d3\u017bNYCH W NOWYM TARGU<\/b><\/font><\/p>\n<p align=\"center\"><font face=\"Calibri, sans-serif\"><b>ROK SZKOLNY\n2025\/2026<\/b><\/font><\/p>\n<p align=\"center\"><font face=\"Calibri, sans-serif\"><u><b>STOPIE\u0143\nDRUGI<\/b><\/u><\/font><\/p>\n<p><br \/>\n<br \/>\n\n<\/p>\n<table width=\"643\" cellpadding=\"4\" cellspacing=\"0\">\n\t<col width=\"55\" \/>\n\n\t<col width=\"219\" \/>\n\n\t<col width=\"98\" \/>\n\n\t<col width=\"79\" \/>\n\n\t<col width=\"150\" \/>\n\n\t<tr valign=\"top\">\n\t\t<td width=\"55\" style=\"border-top: 1px solid #000000;border-bottom: 1px solid #000000;border-left: 1px solid #000000;border-right: none;padding-top: 0.1cm;padding-bottom: 0.1cm;padding-left: 0.1cm;padding-right: 0cm\"><p align=\"center\">\n\t\t\t<font face=\"Calibri, sans-serif\"><b>Lp.<\/b><\/font><\/p>\n\t\t<\/td>\n\t\t<td width=\"219\" style=\"border-top: 1px solid #000000;border-bottom: 1px solid #000000;border-left: 1px solid #000000;border-right: none;padding-top: 0.1cm;padding-bottom: 0.1cm;padding-left: 0.1cm;padding-right: 0cm\"><p align=\"center\">\n\t\t\t<font face=\"Calibri, sans-serif\"><b>Zaw\u00f3d<\/b><\/font><\/p>\n\t\t<\/td>\n\t\t<td width=\"98\" style=\"border-top: 1px solid #000000;border-bottom: 1px solid #000000;border-left: 1px solid #000000;border-right: none;padding-top: 0.1cm;padding-bottom: 0.1cm;padding-left: 0.1cm;padding-right: 0cm\"><p align=\"center\">\n\t\t\t<font face=\"Calibri, sans-serif\"><b>Termin<\/b><\/font><\/p>\n\t\t<\/td>\n\t\t<td width=\"79\" style=\"border-top: 1px solid #000000;border-bottom: 1px solid #000000;border-left: 1px solid #000000;border-right: none;padding-top: 0.1cm;padding-bottom: 0.1cm;padding-left: 0.1cm;padding-right: 0cm\"><p align=\"center\">\n\t\t\t<font face=\"Calibri, sans-serif\"><b>Godz. rozpocz\u0119cia<\/b><\/font><\/p>\n\t\t<\/td>\n\t\t<td width=\"150\" style=\"border: 1px solid #000000;padding: 0.1cm\"><p align=\"center\">\n\t\t\t<font face=\"Calibri, sans-serif\"><b>Szko\u0142a<\/b><\/font><\/p>\n\t\t<\/td>\n\t<\/tr>\n\t<tr><\/tr>\n\t<tr><\/tr>\n\t<tr><\/tr>\n\t<tr><\/tr>\n\t<tr><\/tr>\n\t<tr><\/tr>\n\t<tr><\/tr>\n\t<tr><\/tr>\n\t<tr><\/tr>\n\t<tr valign=\"top\">\n\t\t<td width=\"55\" style=\"border-top: none;border-bottom: 1px solid #000000;border-left: 1px solid #000000;border-right: none;padding-top: 0cm;padding-bottom: 0.1cm;padding-left: 0.1cm;padding-right: 0cm\">\n\t\t\t<ol><li><p><\/p>\n\t\t\t<\/ol>\n\t\t<\/td>\n\t\t<td width=\"219\" style=\"border-top: none;border-bottom: 1px solid #000000;border-left: 1px solid #000000;border-right: none;padding-top: 0cm;padding-bottom: 0.1cm;padding-left: 0.1cm;padding-right: 0cm\">\n\t\t\t<ul><li><p><font face=\"Calibri, sans-serif\">Cie\u015bla<\/font><\/p>\n\t\t\t\t<li><p><font face=\"Calibri, sans-serif\">Monter sieci i instalacji\n\t\t\t\tsanitarnych<\/font><\/p>\n\t\t\t\t<li><p><font face=\"Calibri, sans-serif\">Monter zabudowy i rob\u00f3t\n\t\t\t\twyko\u0144czeniowych w budownictwie<\/font><\/p>\n\t\t\t<\/ul>\n\t\t<\/td>\n\t\t<td width=\"98\" style=\"border-top: none;border-bottom: 1px solid #000000;border-left: 1px solid #000000;border-right: none;padding-top: 0cm;padding-bottom: 0.1cm;padding-left: 0.1cm;padding-right: 0cm\"><p>\n\t\t\t<font face=\"Calibri, sans-serif\">15 IX &ndash; 10 X<\/font><\/p>\n\t\t<\/td>\n\t\t<td width=\"79\" style=\"border-top: none;border-bottom: 1px solid #000000;border-left: 1px solid #000000;border-right: none;padding-top: 0cm;padding-bottom: 0.1cm;padding-left: 0.1cm;padding-right: 0cm\"><p>\n\t\t\t<font face=\"Calibri, sans-serif\">7:30<\/font><\/p>\n\t\t<\/td>\n\t\t<td width=\"150\" bgcolor=\"#999999\" style=\"background: #999999;border-top: none;border-bottom: 1px solid #000000;border-left: 1px solid #000000;border-right: 1px solid #000000;padding-top: 0cm;padding-bottom: 0.1cm;padding-left: 0.1cm;padding-right: 0.1cm\"><p>\n\t\t\t<br \/>\n\n\t\t\t<\/p>\n\t\t<\/td>\n\t<\/tr>\n\t<tr><\/tr>\n\t<tr><\/tr>\n\t<tr><\/tr>\n\t<tr><\/tr>\n\t<tr><\/tr>\n\t<tr><\/tr>\n\t<tr><\/tr>\n\t<tr><\/tr>\n\t<tr><\/tr>\n\t<tr valign=\"top\">\n\t\t<td width=\"55\" style=\"border-top: none;border-bottom: 1px solid #000000;border-left: 1px solid #000000;border-right: none;padding-top: 0cm;padding-bottom: 0.1cm;padding-left: 0.1cm;padding-right: 0cm\">\n\t\t\t<ol start=\"2\"><li><p><\/p>\n\t\t\t<\/ol>\n\t\t<\/td>\n\t\t<td width=\"219\" style=\"border-top: none;border-bottom: 1px solid #000000;border-left: 1px solid #000000;border-right: none;padding-top: 0cm;padding-bottom: 0.1cm;padding-left: 0.1cm;padding-right: 0cm\">\n\t\t\t<ul><li><p><font face=\"Calibri, sans-serif\">Fryzjer<\/font><\/p>\n\t\t\t<\/ul>\n\t\t<\/td>\n\t\t<td width=\"98\" style=\"border-top: none;border-bottom: 1px solid #000000;border-left: 1px solid #000000;border-right: none;padding-top: 0cm;padding-bottom: 0.1cm;padding-left: 0.1cm;padding-right: 0cm\"><p>\n\t\t\t<font face=\"Calibri, sans-serif\">15 IX &ndash; 10 X<\/font><\/p>\n\t\t<\/td>\n\t\t<td width=\"79\" style=\"border-top: none;border-bottom: 1px solid #000000;border-left: 1px solid #000000;border-right: none;padding-top: 0cm;padding-bottom: 0.1cm;padding-left: 0.1cm;padding-right: 0cm\"><p>\n\t\t\t<font face=\"Calibri, sans-serif\">7:30<\/font><\/p>\n\t\t<\/td>\n\t\t<td width=\"150\" bgcolor=\"#999999\" style=\"background: #999999;border-top: none;border-bottom: 1px solid #000000;border-left: 1px solid #000000;border-right: 1px solid #000000;padding-top: 0cm;padding-bottom: 0.1cm;padding-left: 0.1cm;padding-right: 0.1cm\"><p>\n\t\t\t<br \/>\n\n\t\t\t<\/p>\n\t\t<\/td>\n\t<\/tr>\n\t<tr><\/tr>\n\t<tr><\/tr>\n\t<tr><\/tr>\n\t<tr><\/tr>\n\t<tr><\/tr>\n\t<tr><\/tr>\n\t<tr><\/tr>\n\t<tr><\/tr>\n\t<tr><\/tr>\n\t<tr valign=\"top\">\n\t\t<td width=\"55\" style=\"border-top: none;border-bottom: 1px solid #000000;border-left: 1px solid #000000;border-right: none;padding-top: 0cm;padding-bottom: 0.1cm;padding-left: 0.1cm;padding-right: 0cm\">\n\t\t\t<ol start=\"3\"><li><p><\/p>\n\t\t\t<\/ol>\n\t\t<\/td>\n\t\t<td width=\"219\" style=\"border-top: none;border-bottom: 1px solid #000000;border-left: 1px solid #000000;border-right: none;padding-top: 0cm;padding-bottom: 0.1cm;padding-left: 0.1cm;padding-right: 0cm\">\n\t\t\t<ul><li><p><font face=\"Calibri, sans-serif\">Kucharz<\/font><\/p>\n\t\t\t<\/ul>\n\t\t<\/td>\n\t\t<td width=\"98\" style=\"border-top: none;border-bottom: 1px solid #000000;border-left: 1px solid #000000;border-right: none;padding-top: 0cm;padding-bottom: 0.1cm;padding-left: 0.1cm;padding-right: 0cm\"><p>\n\t\t\t<font face=\"Calibri, sans-serif\">15 IX &ndash; 10 X<\/font><\/p>\n\t\t<\/td>\n\t\t<td width=\"79\" style=\"border-top: none;border-bottom: 1px solid #000000;border-left: 1px solid #000000;border-right: none;padding-top: 0cm;padding-bottom: 0.1cm;padding-left: 0.1cm;padding-right: 0cm\"><p>\n\t\t\t<font face=\"Calibri, sans-serif\">7:00<\/font><\/p>\n\t\t<\/td>\n\t\t<td width=\"150\" style=\"border-top: none;border-bottom: 1px solid #000000;border-left: 1px solid #000000;border-right: 1px solid #000000;padding-top: 0cm;padding-bottom: 0.1cm;padding-left: 0.1cm;padding-right: 0.1cm\"><p>\n\t\t\t<font face=\"Calibri, sans-serif\">Kucharz: ZSTiP Nowy Targ<\/font><\/p>\n\t\t<\/td>\n\t<\/tr>\n\t<tr><\/tr>\n\t<tr><\/tr>\n\t<tr><\/tr>\n\t<tr><\/tr>\n\t<tr><\/tr>\n\t<tr><\/tr>\n\t<tr><\/tr>\n\t<tr><\/tr>\n\t<tr><\/tr>\n\t<tr valign=\"top\">\n\t\t<td width=\"55\" style=\"border-top: none;border-bottom: 1px solid #000000;border-left: 1px solid #000000;border-right: none;padding-top: 0cm;padding-bottom: 0.1cm;padding-left: 0.1cm;padding-right: 0cm\">\n\t\t\t<ol start=\"4\"><li><p><\/p>\n\t\t\t<\/ol>\n\t\t<\/td>\n\t\t<td width=\"219\" style=\"border-top: none;border-bottom: 1px solid #000000;border-left: 1px solid #000000;border-right: none;padding-top: 0cm;padding-bottom: 0.1cm;padding-left: 0.1cm;padding-right: 0cm\">\n\t\t\t<ul><li><p><font face=\"Calibri, sans-serif\">Cukiernik<\/font><\/p>\n\t\t\t<\/ul>\n\t\t<\/td>\n\t\t<td width=\"98\" style=\"border-top: none;border-bottom: 1px solid #000000;border-left: 1px solid #000000;border-right: none;padding-top: 0cm;padding-bottom: 0.1cm;padding-left: 0.1cm;padding-right: 0cm\"><p>\n\t\t\t<font face=\"Calibri, sans-serif\">16 IX &ndash; 10 X<\/font><\/p>\n\t\t<\/td>\n\t\t<td width=\"79\" style=\"border-top: none;border-bottom: 1px solid #000000;border-left: 1px solid #000000;border-right: none;padding-top: 0cm;padding-bottom: 0.1cm;padding-left: 0.1cm;padding-right: 0cm\"><p>\n\t\t\t<font face=\"Calibri, sans-serif\">14:00<\/font><\/p>\n\t\t<\/td>\n\t\t<td width=\"150\" style=\"border-top: none;border-bottom: 1px solid #000000;border-left: 1px solid #000000;border-right: 1px solid #000000;padding-top: 0cm;padding-bottom: 0.1cm;padding-left: 0.1cm;padding-right: 0.1cm\"><p>\n\t\t\t<font face=\"Calibri, sans-serif\">Cukiernik: ZSTiP Nowy Targ<\/font><\/p>\n\t\t<\/td>\n\t<\/tr>\n\t<tr><\/tr>\n\t<tr><\/tr>\n\t<tr><\/tr>\n\t<tr><\/tr>\n\t<tr><\/tr>\n\t<tr><\/tr>\n\t<tr><\/tr>\n\t<tr><\/tr>\n\t<tr><\/tr>\n\t<tr valign=\"top\">\n\t\t<td width=\"55\" style=\"border-top: none;border-bottom: 1px solid #000000;border-left: 1px solid #000000;border-right: none;padding-top: 0cm;padding-bottom: 0.1cm;padding-left: 0.1cm;padding-right: 0cm\">\n\t\t\t<ol start=\"5\"><li><p><\/p>\n\t\t\t<\/ol>\n\t\t<\/td>\n\t\t<td width=\"219\" style=\"border-top: none;border-bottom: 1px solid #000000;border-left: 1px solid #000000;border-right: none;padding-top: 0cm;padding-bottom: 0.1cm;padding-left: 0.1cm;padding-right: 0cm\">\n\t\t\t<ul><li><p><font face=\"Calibri, sans-serif\">Kamieniarz<\/font><\/p>\n\t\t\t\t<li><p><font face=\"Calibri, sans-serif\">Murarz-tynkarz<\/font><\/p>\n\t\t\t<\/ul>\n\t\t<\/td>\n\t\t<td width=\"98\" style=\"border-top: none;border-bottom: 1px solid #000000;border-left: 1px solid #000000;border-right: none;padding-top: 0cm;padding-bottom: 0.1cm;padding-left: 0.1cm;padding-right: 0cm\"><p>\n\t\t\t<font face=\"Calibri, sans-serif\">6 X &ndash; 31 X<\/font><\/p>\n\t\t<\/td>\n\t\t<td width=\"79\" style=\"border-top: none;border-bottom: 1px solid #000000;border-left: 1px solid #000000;border-right: none;padding-top: 0cm;padding-bottom: 0.1cm;padding-left: 0.1cm;padding-right: 0cm\"><p>\n\t\t\t<font face=\"Calibri, sans-serif\">7:30<\/font><\/p>\n\t\t<\/td>\n\t\t<td width=\"150\" bgcolor=\"#999999\" style=\"background: #999999;border-top: none;border-bottom: 1px solid #000000;border-left: 1px solid #000000;border-right: 1px solid #000000;padding-top: 0cm;padding-bottom: 0.1cm;padding-left: 0.1cm;padding-right: 0.1cm\"><p>\n\t\t\t<br \/>\n\n\t\t\t<\/p>\n\t\t<\/td>\n\t<\/tr>\n\t<tr><\/tr>\n\t<tr><\/tr>\n\t<tr><\/tr>\n\t<tr><\/tr>\n\t<tr><\/tr>\n\t<tr><\/tr>\n\t<tr><\/tr>\n\t<tr><\/tr>\n\t<tr><\/tr>\n\t<tr valign=\"top\">\n\t\t<td width=\"55\" style=\"border-top: none;border-bottom: 1px solid #000000;border-left: 1px solid #000000;border-right: none;padding-top: 0cm;padding-bottom: 0.1cm;padding-left: 0.1cm;padding-right: 0cm\">\n\t\t\t<ol start=\"6\"><li><p><\/p>\n\t\t\t<\/ol>\n\t\t<\/td>\n\t\t<td width=\"219\" style=\"border-top: none;border-bottom: 1px solid #000000;border-left: 1px solid #000000;border-right: none;padding-top: 0cm;padding-bottom: 0.1cm;padding-left: 0.1cm;padding-right: 0cm\">\n\t\t\t<ul><li><p><font face=\"Calibri, sans-serif\">Elektronik<\/font><\/p>\n\t\t\t\t<li><p><font face=\"Calibri, sans-serif\">Elektromechanik pojazd\u00f3w\n\t\t\t\tsamochodowych<\/font><\/p>\n\t\t\t\t<li><p><font face=\"Calibri, sans-serif\">Elektryk<\/font><\/p>\n\t\t\t<\/ul>\n\t\t<\/td>\n\t\t<td width=\"98\" style=\"border-top: none;border-bottom: 1px solid #000000;border-left: 1px solid #000000;border-right: none;padding-top: 0cm;padding-bottom: 0.1cm;padding-left: 0.1cm;padding-right: 0cm\"><p>\n\t\t\t<font face=\"Calibri, sans-serif\">6 X &ndash; 31 X<\/font><\/p>\n\t\t<\/td>\n\t\t<td width=\"79\" style=\"border-top: none;border-bottom: 1px solid #000000;border-left: 1px solid #000000;border-right: none;padding-top: 0cm;padding-bottom: 0.1cm;padding-left: 0.1cm;padding-right: 0cm\"><p>\n\t\t\t<font face=\"Calibri, sans-serif\">14:00<\/font><\/p>\n\t\t<\/td>\n\t\t<td width=\"150\" bgcolor=\"#999999\" style=\"background: #999999;border-top: none;border-bottom: 1px solid #000000;border-left: 1px solid #000000;border-right: 1px solid #000000;padding-top: 0cm;padding-bottom: 0.1cm;padding-left: 0.1cm;padding-right: 0.1cm\"><p>\n\t\t\t<br \/>\n\n\t\t\t<\/p>\n\t\t<\/td>\n\t<\/tr>\n\t<tr><\/tr>\n\t<tr><\/tr>\n\t<tr><\/tr>\n\t<tr><\/tr>\n\t<tr><\/tr>\n\t<tr><\/tr>\n\t<tr><\/tr>\n\t<tr><\/tr>\n\t<tr><\/tr>\n\t<tr valign=\"top\">\n\t\t<td width=\"55\" style=\"border-top: none;border-bottom: 1px solid #000000;border-left: 1px solid #000000;border-right: none;padding-top: 0cm;padding-bottom: 0.1cm;padding-left: 0.1cm;padding-right: 0cm\">\n\t\t\t<ol start=\"7\"><li><p><\/p>\n\t\t\t<\/ol>\n\t\t<\/td>\n\t\t<td width=\"219\" style=\"border-top: none;border-bottom: 1px solid #000000;border-left: 1px solid #000000;border-right: none;padding-top: 0cm;padding-bottom: 0.1cm;padding-left: 0.1cm;padding-right: 0cm\">\n\t\t\t<ul><li><p><font face=\"Calibri, sans-serif\">Blacharz samochodowy<\/font><\/p>\n\t\t\t\t<li><p><font face=\"Calibri, sans-serif\">Lakiernik samochodowych<\/font><\/p>\n\t\t\t\t<li><p><font face=\"Calibri, sans-serif\">Mechanik pojazd\u00f3w\n\t\t\t\tsamochodowych<\/font><\/p>\n\t\t\t<\/ul>\n\t\t<\/td>\n\t\t<td width=\"98\" style=\"border-top: none;border-bottom: 1px solid #000000;border-left: 1px solid #000000;border-right: none;padding-top: 0cm;padding-bottom: 0.1cm;padding-left: 0.1cm;padding-right: 0cm\"><p>\n\t\t\t<font face=\"Calibri, sans-serif\">10 XI &ndash; 8 XII<\/font><\/p>\n\t\t<\/td>\n\t\t<td width=\"79\" style=\"border-top: none;border-bottom: 1px solid #000000;border-left: 1px solid #000000;border-right: none;padding-top: 0cm;padding-bottom: 0.1cm;padding-left: 0.1cm;padding-right: 0cm\"><p>\n\t\t\t<font face=\"Calibri, sans-serif\">7:30<\/font><\/p>\n\t\t<\/td>\n\t\t<td width=\"150\" bgcolor=\"#999999\" style=\"background: #999999;border-top: none;border-bottom: 1px solid #000000;border-left: 1px solid #000000;border-right: 1px solid #000000;padding-top: 0cm;padding-bottom: 0.1cm;padding-left: 0.1cm;padding-right: 0.1cm\"><p>\n\t\t\t<br \/>\n\n\t\t\t<\/p>\n\t\t<\/td>\n\t<\/tr>\n\t<tr><\/tr>\n\t<tr><\/tr>\n\t<tr><\/tr>\n\t<tr><\/tr>\n\t<tr><\/tr>\n\t<tr><\/tr>\n\t<tr><\/tr>\n\t<tr><\/tr>\n\t<tr><\/tr>\n\t<tr valign=\"top\">\n\t\t<td width=\"55\" style=\"border-top: none;border-bottom: 1px solid #000000;border-left: 1px solid #000000;border-right: none;padding-top: 0cm;padding-bottom: 0.1cm;padding-left: 0.1cm;padding-right: 0cm\">\n\t\t\t<ol start=\"8\"><li><p><\/p>\n\t\t\t<\/ol>\n\t\t<\/td>\n\t\t<td width=\"219\" style=\"border-top: none;border-bottom: 1px solid #000000;border-left: 1px solid #000000;border-right: none;padding-top: 0cm;padding-bottom: 0.1cm;padding-left: 0.1cm;padding-right: 0cm\">\n\t\t\t<ul><li><p><font face=\"Calibri, sans-serif\">Kucharz<\/font><\/p>\n\t\t\t<\/ul>\n\t\t<\/td>\n\t\t<td width=\"98\" style=\"border-top: none;border-bottom: 1px solid #000000;border-left: 1px solid #000000;border-right: none;padding-top: 0cm;padding-bottom: 0.1cm;padding-left: 0.1cm;padding-right: 0cm\"><p>\n\t\t\t<font face=\"Calibri, sans-serif\">25 XI &ndash; 19 XII<\/font><\/p>\n\t\t<\/td>\n\t\t<td width=\"79\" style=\"border-top: none;border-bottom: 1px solid #000000;border-left: 1px solid #000000;border-right: none;padding-top: 0cm;padding-bottom: 0.1cm;padding-left: 0.1cm;padding-right: 0cm\"><p>\n\t\t\t<font face=\"Calibri, sans-serif\">7:00<\/font><\/p>\n\t\t<\/td>\n\t\t<td width=\"150\" style=\"border-top: none;border-bottom: 1px solid #000000;border-left: 1px solid #000000;border-right: 1px solid #000000;padding-top: 0cm;padding-bottom: 0.1cm;padding-left: 0.1cm;padding-right: 0.1cm\"><p>\n\t\t\t<font face=\"Calibri, sans-serif\">Kucharz: CRR Nowy Targ, Jab\u0142onka\n\t\t\tBW, Rabka-Zdr\u00f3j nr 1, Kro\u015bcienko n\/D<\/font><\/p>\n\t\t<\/td>\n\t<\/tr>\n\t<tr><\/tr>\n\t<tr><\/tr>\n\t<tr><\/tr>\n\t<tr><\/tr>\n\t<tr><\/tr>\n\t<tr><\/tr>\n\t<tr><\/tr>\n\t<tr><\/tr>\n\t<tr><\/tr>\n\t<tr valign=\"top\">\n\t\t<td width=\"55\" style=\"border-top: none;border-bottom: 1px solid #000000;border-left: 1px solid #000000;border-right: none;padding-top: 0cm;padding-bottom: 0.1cm;padding-left: 0.1cm;padding-right: 0cm\">\n\t\t\t<ol start=\"9\"><li><p><\/p>\n\t\t\t<\/ol>\n\t\t<\/td>\n\t\t<td width=\"219\" style=\"border-top: none;border-bottom: 1px solid #000000;border-left: 1px solid #000000;border-right: none;padding-top: 0cm;padding-bottom: 0.1cm;padding-left: 0.1cm;padding-right: 0cm\">\n\t\t\t<ul><li><p><font face=\"Calibri, sans-serif\">Operator obrabiarek\n\t\t\t\tskrawaj\u0105cych<\/font><\/p>\n\t\t\t\t<li><p><font face=\"Calibri, sans-serif\">\u015alusarz<\/font><\/p>\n\t\t\t\t<li><p><font face=\"Calibri, sans-serif\">Z\u0142otnik-jubiler<\/font><\/p>\n\t\t\t\t<li><p><font face=\"Calibri, sans-serif\">Krawiec<\/font><\/p>\n\t\t\t\t<li><p><font face=\"Calibri, sans-serif\">Obuwnik<\/font><\/p>\n\t\t\t<\/ul>\n\t\t<\/td>\n\t\t<td width=\"98\" style=\"border-top: none;border-bottom: 1px solid #000000;border-left: 1px solid #000000;border-right: none;padding-top: 0cm;padding-bottom: 0.1cm;padding-left: 0.1cm;padding-right: 0cm\"><p>\n\t\t\t<font face=\"Calibri, sans-serif\">7 I &ndash; 31 I<\/font><\/p>\n\t\t<\/td>\n\t\t<td width=\"79\" style=\"border-top: none;border-bottom: 1px solid #000000;border-left: 1px solid #000000;border-right: none;padding-top: 0cm;padding-bottom: 0.1cm;padding-left: 0.1cm;padding-right: 0cm\"><p>\n\t\t\t<font face=\"Calibri, sans-serif\">7:30<\/font><\/p>\n\t\t<\/td>\n\t\t<td width=\"150\" bgcolor=\"#999999\" style=\"background: #999999;border-top: none;border-bottom: 1px solid #000000;border-left: 1px solid #000000;border-right: 1px solid #000000;padding-top: 0cm;padding-bottom: 0.1cm;padding-left: 0.1cm;padding-right: 0.1cm\"><p>\n\t\t\t<br \/>\n\n\t\t\t<\/p>\n\t\t<\/td>\n\t<\/tr>\n\t<tr><\/tr>\n\t<tr><\/tr>\n\t<tr><\/tr>\n\t<tr><\/tr>\n\t<tr><\/tr>\n\t<tr><\/tr>\n\t<tr><\/tr>\n\t<tr><\/tr>\n\t<tr><\/tr>\n\t<tr valign=\"top\">\n\t\t<td width=\"55\" style=\"border-top: none;border-bottom: 1px solid #000000;border-left: 1px solid #000000;border-right: none;padding-top: 0cm;padding-bottom: 0.1cm;padding-left: 0.1cm;padding-right: 0cm\">\n\t\t\t<ol start=\"10\"><li><p><\/p>\n\t\t\t<\/ol>\n\t\t<\/td>\n\t\t<td width=\"219\" style=\"border-top: none;border-bottom: 1px solid #000000;border-left: 1px solid #000000;border-right: none;padding-top: 0cm;padding-bottom: 0.1cm;padding-left: 0.1cm;padding-right: 0cm\">\n\t\t\t<ul><li><p><font face=\"Calibri, sans-serif\">Cukiernik<\/font><\/p>\n\t\t\t\t<li><p><font face=\"Calibri, sans-serif\">Piekarz<\/font><\/p>\n\t\t\t<\/ul>\n\t\t<\/td>\n\t\t<td width=\"98\" style=\"border-top: none;border-bottom: 1px solid #000000;border-left: 1px solid #000000;border-right: none;padding-top: 0cm;padding-bottom: 0.1cm;padding-left: 0.1cm;padding-right: 0cm\"><p>\n\t\t\t<font face=\"Calibri, sans-serif\">23 II &ndash; 20 III<\/font><\/p>\n\t\t<\/td>\n\t\t<td width=\"79\" style=\"border-top: none;border-bottom: 1px solid #000000;border-left: 1px solid #000000;border-right: none;padding-top: 0cm;padding-bottom: 0.1cm;padding-left: 0.1cm;padding-right: 0cm\"><p>\n\t\t\t<br \/>\n\n\t\t\t<\/p>\n\t\t<\/td>\n\t\t<td width=\"150\" bgcolor=\"#999999\" style=\"background: #999999;border-top: none;border-bottom: 1px solid #000000;border-left: 1px solid #000000;border-right: 1px solid #000000;padding-top: 0cm;padding-bottom: 0.1cm;padding-left: 0.1cm;padding-right: 0.1cm\"><p>\n\t\t\t<br \/>\n\n\t\t\t<\/p>\n\t\t<\/td>\n\t<\/tr>\n\t<tr><\/tr>\n\t<tr><\/tr>\n\t<tr><\/tr>\n\t<tr><\/tr>\n\t<tr><\/tr>\n\t<tr><\/tr>\n\t<tr><\/tr>\n\t<tr><\/tr>\n\t<tr><\/tr>\n\t<tr valign=\"top\">\n\t\t<td width=\"55\" style=\"border-top: none;border-bottom: 1px solid #000000;border-left: 1px solid #000000;border-right: none;padding-top: 0cm;padding-bottom: 0.1cm;padding-left: 0.1cm;padding-right: 0cm\">\n\t\t\t<ol start=\"11\"><li><p><\/p>\n\t\t\t<\/ol>\n\t\t<\/td>\n\t\t<td width=\"219\" style=\"border-top: none;border-bottom: 1px solid #000000;border-left: 1px solid #000000;border-right: none;padding-top: 0cm;padding-bottom: 0.1cm;padding-left: 0.1cm;padding-right: 0cm\">\n\t\t\t<ul><li><p><font face=\"Calibri, sans-serif\">Stolarz<\/font><\/p>\n\t\t\t\t<li><p><font face=\"Calibri, sans-serif\">Tapicer<\/font><\/p>\n\t\t\t<\/ul>\n\t\t<\/td>\n\t\t<td width=\"98\" style=\"border-top: none;border-bottom: 1px solid #000000;border-left: 1px solid #000000;border-right: none;padding-top: 0cm;padding-bottom: 0.1cm;padding-left: 0.1cm;padding-right: 0cm\"><p>\n\t\t\t<font face=\"Calibri, sans-serif\">16 III &ndash; 17 IV<\/font><\/p>\n\t\t<\/td>\n\t\t<td width=\"79\" style=\"border-top: none;border-bottom: 1px solid #000000;border-left: 1px solid #000000;border-right: none;padding-top: 0cm;padding-bottom: 0.1cm;padding-left: 0.1cm;padding-right: 0cm\"><p>\n\t\t\t<br \/>\n\n\t\t\t<\/p>\n\t\t<\/td>\n\t\t<td width=\"150\" bgcolor=\"#999999\" style=\"background: #999999;border-top: none;border-bottom: 1px solid #000000;border-left: 1px solid #000000;border-right: 1px solid #000000;padding-top: 0cm;padding-bottom: 0.1cm;padding-left: 0.1cm;padding-right: 0.1cm\"><p>\n\t\t\t<br \/>\n\n\t\t\t<\/p>\n\t\t<\/td>\n\t<\/tr>\n<\/table>\n<p style=\"line-height: 100%;margin-bottom: 0cm\"><br \/>\n\n<\/p>\n\n\n","protected":false},"excerpt":{"rendered":"<p>HARMONOGRAM TURNUS DOKSZTA\u0141CANIA TEORETYCZNEGO CENTRUM KSZTA\u0141CENIA ZAWODOWEGO CECHU RZEMIOS\u0141 R\u00d3\u017bNYCH W NOWYM TARGU ROK SZKOLNY 2025\/2026 STOPIE\u0143 DRUGI Lp. Zaw\u00f3d Termin Godz. rozpocz\u0119cia Szko\u0142a Cie\u015bla Monter sieci i instalacji sanitarnych Monter zabudowy i rob\u00f3t wyko\u0144czeniowych w budownictwie 15 IX &ndash; 10 X 7:30 Fryzjer 15 IX &ndash; 10 X 7:30 Kucharz 15 IX &ndash; 10 [&hellip;]<\/p>\n","protected":false},"author":3,"featured_media":3918,"parent":0,"menu_order":0,"comment_status":"closed","ping_status":"closed","template":"","meta":{"footnotes":""},"_links":{"self":[{"href":"https:\/\/www.cech.nowytarg.pl\/index.php\/wp-json\/wp\/v2\/pages\/5148"}],"collection":[{"href":"https:\/\/www.cech.nowytarg.pl\/index.php\/wp-json\/wp\/v2\/pages"}],"about":[{"href":"https:\/\/www.cech.nowytarg.pl\/index.php\/wp-json\/wp\/v2\/types\/page"}],"author":[{"embeddable":true,"href":"https:\/\/www.cech.nowytarg.pl\/index.php\/wp-json\/wp\/v2\/users\/3"}],"replies":[{"embeddable":true,"href":"https:\/\/www.cech.nowytarg.pl\/index.php\/wp-json\/wp\/v2\/comments?post=5148"}],"version-history":[{"count":8,"href":"https:\/\/www.cech.nowytarg.pl\/index.php\/wp-json\/wp\/v2\/pages\/5148\/revisions"}],"predecessor-version":[{"id":6183,"href":"https:\/\/www.cech.nowytarg.pl\/index.php\/wp-json\/wp\/v2\/pages\/5148\/revisions\/6183"}],"wp:featuredmedia":[{"embeddable":true,"href":"https:\/\/www.cech.nowytarg.pl\/index.php\/wp-json\/wp\/v2\/media\/3918"}],"wp:attachment":[{"href":"https:\/\/www.cech.nowytarg.pl\/index.php\/wp-json\/wp\/v2\/media?parent=5148"}],"curies":[{"name":"wp","href":"https:\/\/api.w.org\/{rel}","templated":true}]}}