{"id":5254,"date":"2023-05-30T07:25:38","date_gmt":"2023-05-30T05:25:38","guid":{"rendered":"https:\/\/www.cech.nowytarg.pl\/?page_id=5254"},"modified":"2025-10-03T09:31:42","modified_gmt":"2025-10-03T07:31:42","slug":"terminy-wywiadowek-2024-2024","status":"publish","type":"page","link":"https:\/\/www.cech.nowytarg.pl\/index.php\/terminy-wywiadowek-2024-2024\/","title":{"rendered":"Terminy wywiad\u00f3wek"},"content":{"rendered":"\n\n\n\n\t\n\t<title><\/title>\n\t\n\t\n\t\n\t\n\t\t\n\t\n\n<p align=\"center\" style=\"line-height: 115%;margin-bottom: 0cm\">\n<font face=\"Calibri, sans-serif\"><font size=\"3\" style=\"font-size: 13pt\"><b>HARMONOGRAM\nSPOTKA\u0143 Z RODZICAMI<\/b><\/font><\/font><\/p>\n<p align=\"center\" style=\"line-height: 115%;margin-bottom: 0cm\"><font face=\"Calibri, sans-serif\"><font size=\"3\" style=\"font-size: 13pt\"><b>w\nZawodowej Szkole Bran\u017cowej I stopnia <\/b><\/font><\/font>\n<\/p>\n<p align=\"center\" style=\"line-height: 115%;margin-bottom: 0cm\"><font face=\"Calibri, sans-serif\"><font size=\"3\" style=\"font-size: 13pt\"><b>Cechu\nRzemios\u0142 R\u00f3\u017cnych w Nowym Targu <\/b><\/font><\/font>\n<\/p>\n<p align=\"center\" style=\"line-height: 115%;margin-bottom: 0cm\"><font face=\"Calibri, sans-serif\"><font size=\"3\" style=\"font-size: 13pt\"><b>w\nroku szkolnym 2025\/2026<\/b><\/font><\/font><\/p>\n<p style=\"line-height: 115%;margin-bottom: 0cm\"><br \/>\n\n<\/p>\n<p style=\"line-height: 115%;margin-bottom: 0cm\"><br \/>\n\n<\/p>\n<table width=\"643\" cellpadding=\"4\" cellspacing=\"0\">\n\t<col width=\"48\" \/>\n\n\t<col width=\"192\" \/>\n\n\t<col width=\"238\" \/>\n\n\t<col width=\"131\" \/>\n\n\t<tr valign=\"top\">\n\t\t<td width=\"48\" style=\"border-top: 1px solid #000000;border-bottom: 1px solid #000000;border-left: 1px solid #000000;border-right: none;padding-top: 0.1cm;padding-bottom: 0.1cm;padding-left: 0.1cm;padding-right: 0cm\"><p align=\"center\">\n\t\t\t<font face=\"Calibri, sans-serif\">L.p.<\/font><\/p>\n\t\t<\/td>\n\t\t<td width=\"192\" style=\"border-top: 1px solid #000000;border-bottom: 1px solid #000000;border-left: 1px solid #000000;border-right: none;padding-top: 0.1cm;padding-bottom: 0.1cm;padding-left: 0.1cm;padding-right: 0cm\"><p align=\"center\">\n\t\t\t<font face=\"Calibri, sans-serif\">Termin<\/font><\/p>\n\t\t<\/td>\n\t\t<td width=\"238\" style=\"border-top: 1px solid #000000;border-bottom: 1px solid #000000;border-left: 1px solid #000000;border-right: none;padding-top: 0.1cm;padding-bottom: 0.1cm;padding-left: 0.1cm;padding-right: 0cm\"><p align=\"center\">\n\t\t\t<font face=\"Calibri, sans-serif\">Tematyka<\/font><\/p>\n\t\t<\/td>\n\t\t<td width=\"131\" style=\"border: 1px solid #000000;padding: 0.1cm\"><p align=\"center\">\n\t\t\t<font face=\"Calibri, sans-serif\">Dotyczy<\/font><\/p>\n\t\t<\/td>\n\t<\/tr>\n\t<tr><\/tr>\n\t<tr><\/tr>\n\t<tr><\/tr>\n\t<tr><\/tr>\n\t<tr><\/tr>\n\t<tr><\/tr>\n\t<tr><\/tr>\n\t<tr><\/tr>\n\t<tr><\/tr>\n\t<tr valign=\"top\">\n\t\t<td width=\"48\" style=\"border-top: none;border-bottom: 1px solid #000000;border-left: 1px solid #000000;border-right: none;padding-top: 0cm;padding-bottom: 0.1cm;padding-left: 0.1cm;padding-right: 0cm\">\n\t\t\t<ol><li><p><\/p>\n\t\t\t<\/ol>\n\t\t<\/td>\n\t\t<td width=\"192\" style=\"border-top: none;border-bottom: 1px solid #000000;border-left: 1px solid #000000;border-right: none;padding-top: 0cm;padding-bottom: 0.1cm;padding-left: 0.1cm;padding-right: 0cm\"><p>\n\t\t\t<font face=\"Calibri, sans-serif\">15 wrze\u015bnia 2025 r. &#8211;\n\t\t\tponiedzia\u0142ek &ndash; godz. 16:30<\/font><\/p>\n\t\t<\/td>\n\t\t<td width=\"238\" style=\"border-top: none;border-bottom: 1px solid #000000;border-left: 1px solid #000000;border-right: none;padding-top: 0cm;padding-bottom: 0.1cm;padding-left: 0.1cm;padding-right: 0cm\"><p>\n\t\t\t<font face=\"Calibri, sans-serif\">Spotkanie inauguracyjne <\/font>\n\t\t\t<\/p>\n\t\t\t<p><font face=\"Calibri, sans-serif\">z rodzicami klas<\/font><\/p>\n\t\t<\/td>\n\t\t<td width=\"131\" style=\"border-top: none;border-bottom: 1px solid #000000;border-left: 1px solid #000000;border-right: 1px solid #000000;padding-top: 0cm;padding-bottom: 0.1cm;padding-left: 0.1cm;padding-right: 0.1cm\"><p>\n\t\t\t<font face=\"Calibri, sans-serif\">Wszystkie klasy<\/font><\/p>\n\t\t<\/td>\n\t<\/tr>\n\t<tr><\/tr>\n\t<tr><\/tr>\n\t<tr><\/tr>\n\t<tr><\/tr>\n\t<tr><\/tr>\n\t<tr><\/tr>\n\t<tr><\/tr>\n\t<tr><\/tr>\n\t<tr><\/tr>\n\t<tr valign=\"top\">\n\t\t<td width=\"48\" style=\"border-top: none;border-bottom: 1px solid #000000;border-left: 1px solid #000000;border-right: none;padding-top: 0cm;padding-bottom: 0.1cm;padding-left: 0.1cm;padding-right: 0cm\">\n\t\t\t<ol start=\"2\"><li><p><\/p>\n\t\t\t<\/ol>\n\t\t<\/td>\n\t\t<td width=\"192\" style=\"border-top: none;border-bottom: 1px solid #000000;border-left: 1px solid #000000;border-right: none;padding-top: 0cm;padding-bottom: 0.1cm;padding-left: 0.1cm;padding-right: 0cm\"><p>\n\t\t\t<font face=\"Calibri, sans-serif\">18 listopada 2025 r. <\/font>\n\t\t\t<\/p>\n\t\t\t<p><font face=\"Calibri, sans-serif\">&#8211; wtorek &ndash; godz. 17:00<\/font><\/p>\n\t\t<\/td>\n\t\t<td width=\"238\" style=\"border-top: none;border-bottom: 1px solid #000000;border-left: 1px solid #000000;border-right: none;padding-top: 0cm;padding-bottom: 0.1cm;padding-left: 0.1cm;padding-right: 0cm\"><p>\n\t\t\t<font face=\"Calibri, sans-serif\">Wywiad\u00f3wka \u015br\u00f3dsemestralna<\/font><\/p>\n\t\t<\/td>\n\t\t<td width=\"131\" style=\"border-top: none;border-bottom: 1px solid #000000;border-left: 1px solid #000000;border-right: 1px solid #000000;padding-top: 0cm;padding-bottom: 0.1cm;padding-left: 0.1cm;padding-right: 0.1cm\"><p>\n\t\t\t<font face=\"Calibri, sans-serif\">Wszystkie klasy<\/font><\/p>\n\t\t<\/td>\n\t<\/tr>\n\t<tr><\/tr>\n\t<tr><\/tr>\n\t<tr><\/tr>\n\t<tr><\/tr>\n\t<tr><\/tr>\n\t<tr><\/tr>\n\t<tr><\/tr>\n\t<tr><\/tr>\n\t<tr><\/tr>\n\t<tr valign=\"top\">\n\t\t<td width=\"48\" style=\"border-top: none;border-bottom: 1px solid #000000;border-left: 1px solid #000000;border-right: none;padding-top: 0cm;padding-bottom: 0.1cm;padding-left: 0.1cm;padding-right: 0cm\">\n\t\t\t<ol start=\"3\"><li><p><\/p>\n\t\t\t<\/ol>\n\t\t<\/td>\n\t\t<td width=\"192\" style=\"border-top: none;border-bottom: 1px solid #000000;border-left: 1px solid #000000;border-right: none;padding-top: 0cm;padding-bottom: 0.1cm;padding-left: 0.1cm;padding-right: 0cm\"><p>\n\t\t\t<font face=\"Calibri, sans-serif\">28 stycznia 2026 r. <\/font>\n\t\t\t<\/p>\n\t\t\t<p><font face=\"Calibri, sans-serif\">&#8211; \u015broda &ndash; godz. 17:00<\/font><\/p>\n\t\t<\/td>\n\t\t<td width=\"238\" style=\"border-top: none;border-bottom: 1px solid #000000;border-left: 1px solid #000000;border-right: none;padding-top: 0cm;padding-bottom: 0.1cm;padding-left: 0.1cm;padding-right: 0cm\"><p>\n\t\t\t<font face=\"Calibri, sans-serif\">Wywiad\u00f3wka \u015br\u00f3droczna<\/font><\/p>\n\t\t<\/td>\n\t\t<td width=\"131\" style=\"border-top: none;border-bottom: 1px solid #000000;border-left: 1px solid #000000;border-right: 1px solid #000000;padding-top: 0cm;padding-bottom: 0.1cm;padding-left: 0.1cm;padding-right: 0.1cm\"><p>\n\t\t\t<font face=\"Calibri, sans-serif\">Wszystkie klasy<\/font><\/p>\n\t\t<\/td>\n\t<\/tr>\n\t<tr><\/tr>\n\t<tr><\/tr>\n\t<tr><\/tr>\n\t<tr><\/tr>\n\t<tr><\/tr>\n\t<tr><\/tr>\n\t<tr><\/tr>\n\t<tr><\/tr>\n\t<tr><\/tr>\n\t<tr valign=\"top\">\n\t\t<td width=\"48\" style=\"border-top: none;border-bottom: 1px solid #000000;border-left: 1px solid #000000;border-right: none;padding-top: 0cm;padding-bottom: 0.1cm;padding-left: 0.1cm;padding-right: 0cm\">\n\t\t\t<ol start=\"4\"><li><p><\/p>\n\t\t\t<\/ol>\n\t\t<\/td>\n\t\t<td width=\"192\" style=\"border-top: none;border-bottom: 1px solid #000000;border-left: 1px solid #000000;border-right: none;padding-top: 0cm;padding-bottom: 0.1cm;padding-left: 0.1cm;padding-right: 0cm\"><p>\n\t\t\t<font face=\"Calibri, sans-serif\">27 kwietnia <\/font>\n\t\t\t<\/p>\n\t\t\t<p>&ndash; <font face=\"Calibri, sans-serif\">poniedzia\u0142ek- godz.\n\t\t\t17:00<\/font><\/p>\n\t\t<\/td>\n\t\t<td width=\"238\" style=\"border-top: none;border-bottom: 1px solid #000000;border-left: 1px solid #000000;border-right: none;padding-top: 0cm;padding-bottom: 0.1cm;padding-left: 0.1cm;padding-right: 0cm\"><p>\n\t\t\t<font face=\"Calibri, sans-serif\">Wywiad\u00f3wka \u015br\u00f3dsemestralna<\/font><\/p>\n\t\t<\/td>\n\t\t<td width=\"131\" style=\"border-top: none;border-bottom: 1px solid #000000;border-left: 1px solid #000000;border-right: 1px solid #000000;padding-top: 0cm;padding-bottom: 0.1cm;padding-left: 0.1cm;padding-right: 0.1cm\"><p>\n\t\t\t<font face=\"Calibri, sans-serif\">Wszystkie klasy<\/font><\/p>\n\t\t<\/td>\n\t<\/tr>\n\t<tr><\/tr>\n\t<tr><\/tr>\n\t<tr><\/tr>\n\t<tr><\/tr>\n\t<tr><\/tr>\n\t<tr><\/tr>\n\t<tr><\/tr>\n\t<tr><\/tr>\n\t<tr><\/tr>\n\t<tr valign=\"top\">\n\t\t<td width=\"48\" style=\"border-top: none;border-bottom: 1px solid #000000;border-left: 1px solid #000000;border-right: none;padding-top: 0cm;padding-bottom: 0.1cm;padding-left: 0.1cm;padding-right: 0cm\">\n\t\t\t<ol start=\"5\"><li><p><\/p>\n\t\t\t<\/ol>\n\t\t<\/td>\n\t\t<td width=\"192\" style=\"border-top: none;border-bottom: 1px solid #000000;border-left: 1px solid #000000;border-right: none;padding-top: 0cm;padding-bottom: 0.1cm;padding-left: 0.1cm;padding-right: 0cm\"><p>\n\t\t\t<font face=\"Calibri, sans-serif\">16 czerwca 2026 r. <\/font>\n\t\t\t<\/p>\n\t\t\t<p><font face=\"Calibri, sans-serif\">&#8211; wtorek &ndash; godz. 17:00<\/font><\/p>\n\t\t<\/td>\n\t\t<td width=\"238\" style=\"border-top: none;border-bottom: 1px solid #000000;border-left: 1px solid #000000;border-right: none;padding-top: 0cm;padding-bottom: 0.1cm;padding-left: 0.1cm;padding-right: 0cm\"><p>\n\t\t\t<font face=\"Calibri, sans-serif\">Wywiad\u00f3wka ko\u0144coworoczna<\/font><\/p>\n\t\t<\/td>\n\t\t<td width=\"131\" style=\"border-top: none;border-bottom: 1px solid #000000;border-left: 1px solid #000000;border-right: 1px solid #000000;padding-top: 0cm;padding-bottom: 0.1cm;padding-left: 0.1cm;padding-right: 0.1cm\"><p>\n\t\t\t<font face=\"Calibri, sans-serif\">Wszystkie klasy<\/font><\/p>\n\t\t<\/td>\n\t<\/tr>\n<\/table>\n<p style=\"line-height: 115%;margin-bottom: 0cm\"><br \/>\n\n<\/p>\n\n\n","protected":false},"excerpt":{"rendered":"<p>HARMONOGRAM SPOTKA\u0143 Z RODZICAMI w Zawodowej Szkole Bran\u017cowej I stopnia Cechu Rzemios\u0142 R\u00f3\u017cnych w Nowym Targu w roku szkolnym 2025\/2026 L.p. Termin Tematyka Dotyczy 15 wrze\u015bnia 2025 r. &#8211; poniedzia\u0142ek &ndash; godz. 16:30 Spotkanie inauguracyjne z rodzicami klas Wszystkie klasy 18 listopada 2025 r. &#8211; wtorek &ndash; godz. 17:00 Wywiad\u00f3wka \u015br\u00f3dsemestralna Wszystkie klasy 28 stycznia [&hellip;]<\/p>\n","protected":false},"author":3,"featured_media":5274,"parent":0,"menu_order":0,"comment_status":"closed","ping_status":"closed","template":"","meta":{"footnotes":""},"_links":{"self":[{"href":"https:\/\/www.cech.nowytarg.pl\/index.php\/wp-json\/wp\/v2\/pages\/5254"}],"collection":[{"href":"https:\/\/www.cech.nowytarg.pl\/index.php\/wp-json\/wp\/v2\/pages"}],"about":[{"href":"https:\/\/www.cech.nowytarg.pl\/index.php\/wp-json\/wp\/v2\/types\/page"}],"author":[{"embeddable":true,"href":"https:\/\/www.cech.nowytarg.pl\/index.php\/wp-json\/wp\/v2\/users\/3"}],"replies":[{"embeddable":true,"href":"https:\/\/www.cech.nowytarg.pl\/index.php\/wp-json\/wp\/v2\/comments?post=5254"}],"version-history":[{"count":14,"href":"https:\/\/www.cech.nowytarg.pl\/index.php\/wp-json\/wp\/v2\/pages\/5254\/revisions"}],"predecessor-version":[{"id":6051,"href":"https:\/\/www.cech.nowytarg.pl\/index.php\/wp-json\/wp\/v2\/pages\/5254\/revisions\/6051"}],"wp:featuredmedia":[{"embeddable":true,"href":"https:\/\/www.cech.nowytarg.pl\/index.php\/wp-json\/wp\/v2\/media\/5274"}],"wp:attachment":[{"href":"https:\/\/www.cech.nowytarg.pl\/index.php\/wp-json\/wp\/v2\/media?parent=5254"}],"curies":[{"name":"wp","href":"https:\/\/api.w.org\/{rel}","templated":true}]}}