{"id":5263,"date":"2026-03-24T10:18:26","date_gmt":"2026-03-24T09:18:26","guid":{"rendered":"https:\/\/www.cech.nowytarg.pl\/?page_id=5263"},"modified":"2026-03-24T10:18:26","modified_gmt":"2026-03-24T09:18:26","slug":"warunki-przyjecia-do-szkoly","status":"publish","type":"page","link":"https:\/\/www.cech.nowytarg.pl\/index.php\/warunki-przyjecia-do-szkoly\/","title":{"rendered":"WARUNKI PRZYJ\u0118CIA DO SZKO\u0141Y"},"content":{"rendered":"\n\n\n\n\t\n\t<title><\/title>\n\t\n\t\n\t\n\t\n\t\t\n\t\n\n<p align=\"center\" style=\"line-height: 115%;margin-bottom: 0cm\">\n<br \/>\n\n<\/p>\n<p align=\"justify\" style=\"line-height: 115%;margin-bottom: 0cm\"><font face=\"Times New Roman, serif\"><font size=\"3\" style=\"font-size: 12pt\">1.\nO przyj\u0119cie do klasy pierwszej ZSB I stopnia CRR w Nowym Targu\nprowadz\u0105cej kszta\u0142cenie zawodowe mog\u0105 ubiega\u0107 si\u0119 absolwenci szko\u0142y\npodstawowej.<\/font><\/font><\/p>\n<p align=\"justify\" style=\"line-height: 115%;margin-bottom: 0cm\"><br \/>\n\n<\/p>\n<p align=\"justify\" style=\"line-height: 115%;margin-bottom: 0cm\"><br \/>\n\n<\/p>\n<p align=\"justify\" style=\"line-height: 115%;margin-bottom: 0cm\"><font face=\"Times New Roman, serif\"><font size=\"3\" style=\"font-size: 12pt\">2.\nO przyj\u0119cie do klasy pierwszej ZSB I stopnia CRR w Nowym Targu\nprowadz\u0105cej kszta\u0142cenie zawodowe mog\u0105 ubiega\u0107 si\u0119 wy\u0142\u0105cznie\nuczniowie, kt\u00f3rych stan zdrowia umo\u017cliwia kszta\u0142cenie w&nbsp;danym\nzawodzie oraz niepe\u0142nosprawno\u015b\u0107 okre\u015blona w&nbsp;orzeczeniu o\npotrzebie kszta\u0142cenia specjalnego wydanego przez publiczn\u0105 poradni\u0119\npsychologiczno &ndash; pedagogiczn\u0105 nie uniemo\u017cliwia realizacji z\nuczniem podstawy programowej oraz ramowego planu nauczania dla\npublicznej bran\u017cowej szko\u0142y I stopnia.<\/font><\/font><\/p>\n<p align=\"justify\" style=\"line-height: 115%;margin-bottom: 0cm\"><br \/>\n\n<\/p>\n<p align=\"justify\" style=\"line-height: 115%;margin-bottom: 0cm\"><br \/>\n\n<\/p>\n<p align=\"justify\" style=\"font-weight: normal;line-height: 115%;margin-bottom: 0cm\">\n<span style=\"border: none;padding: 0cm\"><font size=\"3\" style=\"font-size: 12pt\"><font face=\"Times New Roman, serif\">3.\nW ZSB I stopnia CRR w Nowym Targu nie przyjmuje \u017cadnych kryteri\u00f3w\nprzeliczania na punkty ocen z&nbsp;przedmiot\u00f3w.<\/span><\/font><\/font><\/p>\n<p align=\"justify\" style=\"font-weight: normal;line-height: 115%;margin-bottom: 0cm\">\n<br \/>\n\n<\/p>\n<p align=\"justify\" style=\"font-weight: normal;line-height: 115%;margin-bottom: 0cm\">\n<br \/>\n\n<\/p>\n<p align=\"justify\" style=\"font-weight: normal;line-height: 115%;margin-bottom: 0cm\">\n<span style=\"border: none;padding: 0cm\"><font size=\"3\" style=\"font-size: 12pt\"><font face=\"Times New Roman, serif\">4.\nDo podania o przyj\u0119cie do szko\u0142y ponadpodstawowej nale\u017cy do\u0142\u0105czy\u0107:<\/span><\/font><\/font><\/p>\n<p style=\"line-height: 115%;margin-bottom: 0cm\"><br \/>\n\n<\/p>\n<ol>\n\t<ol type=\"a\">\n\t\t<li><p style=\"line-height: 115%;margin-bottom: 0cm\"><font face=\"Times New Roman, serif\"><font size=\"3\" style=\"font-size: 12pt\">po\u015bwiadczon\u0105\n\t\tkopi\u0119 \u015bwiadectwa uko\u0144czenia  szko\u0142y podstawowej,<\/font><\/font><\/p>\n\t\t<li><p style=\"line-height: 115%;margin-bottom: 0cm\"><font face=\"Times New Roman, serif\"><font size=\"3\" style=\"font-size: 12pt\">po\u015bwiadczon\u0105\n\t\tkopi\u0119 za\u015bwiadczenia o wyniku  egzaminu \u00f3smoklasisty,<\/font><\/font><\/p>\n\t\t<li><p style=\"line-height: 115%;margin-bottom: 0cm\"><font face=\"Times New Roman, serif\"><font size=\"3\" style=\"font-size: 12pt\">za\u015bwiadczenie\n\t\tlekarskie o braku przeciwwskaza\u0144 zdrowotnych do&nbsp;kszta\u0142cenia\n\t\tw&nbsp;okre\u015blonym zawodzie,<\/font><\/font><\/p>\n\t\t<li><p align=\"left\" style=\"line-height: 115%;margin-bottom: 0cm\"><font face=\"Times New Roman, serif\"><font size=\"3\" style=\"font-size: 12pt\">orzeczenie\n\t\tlekarskie o braku przeciwwskaza\u0144 zdrowotnych do kierowania\n\t\tpojazdami (mechanik pojazd\u00f3w samochodowych, elektromechanik\n\t\tpojazd\u00f3w samochodowych),<\/font><\/font><\/p>\n\t\t<li><p style=\"line-height: 115%;margin-bottom: 0cm\"><font face=\"Times New Roman, serif\"><font size=\"3\" style=\"font-size: 12pt\">w\n\t\tprzypadku kandydat\u00f3w z wadami s\u0142uchu, wzroku, narz\u0105d\u00f3w ruchu\n\t\ti&nbsp;innymi schorzeniami orzeczenie kwalifikacyjne publicznej\n\t\tporadni psychologiczno-pedagogicznej, w tym publicznej poradni\n\t\tspecjalistycznej,<\/font><\/font><\/p>\n\t\t<li><p style=\"line-height: 115%;margin-bottom: 0cm\"><font face=\"Times New Roman, serif\"><font size=\"3\" style=\"font-size: 12pt\">zgod\u0119\n\t\tna przetwarzanie danych osobowych i danych wizerunkowych dla\n\t\tpotrzeb szko\u0142y,<\/font><\/font><\/p>\n\t\t<li><p style=\"line-height: 115%;margin-bottom: 0cm\"><font face=\"Times New Roman, serif\"><font size=\"3\" style=\"font-size: 12pt\">zdj\u0119cie\n\t\tlegitymacyjne (1 szt.).<\/font><\/font><\/p>\n\t<\/ol>\n<\/ol>\n<p style=\"line-height: 115%;margin-bottom: 0cm\"><br \/>\n\n<\/p>\n<ol>\n\t<ol type=\"a\" start=\"7\">\n\t\t<p style=\"line-height: 115%;margin-bottom: 0cm\"><\/p>\n\t<\/ol>\n<\/ol>\n<p style=\"line-height: 115%;margin-bottom: 0cm\"><font face=\"Times New Roman, serif\"><font size=\"3\" style=\"font-size: 12pt\">5.\n<span style=\"border: none;padding: 0cm\"><span style=\"font-weight: normal\">Dokumentami\npotwierdzaj\u0105cym wol\u0119 podj\u0119cia nauki w szkole s\u0105:<\/span><\/span><\/font><\/font><\/p>\n<p style=\"line-height: 115%;margin-bottom: 0cm\"><br \/>\n\n<\/p>\n<ol type=\"a\">\n\t<li><p style=\"line-height: 115%;margin-bottom: 0cm\"><font face=\"Times New Roman, serif\"><font size=\"3\" style=\"font-size: 12pt\">orygina\u0142\n\t\u015bwiadectwa uko\u0144czenia szko\u0142y podstawowej<\/font><\/font><\/p>\n\t<li><p style=\"line-height: 115%;margin-bottom: 0cm\"><font face=\"Times New Roman, serif\"><font size=\"3\" style=\"font-size: 12pt\">orygina\u0142\n\tza\u015bwiadczenia o wynikach egzaminu \u00f3smoklasisty<\/font><\/font><\/p>\n\t<li><p style=\"line-height: 115%;margin-top: 0.18cm;margin-bottom: 0.18cm\">\n\t<font face=\"Times New Roman, serif\"><font size=\"3\" style=\"font-size: 12pt\">orygina\u0142\n\tumowy o prac\u0119 lub o\u015bwiadczenie  pracodawcy o woli przyj\u0119cia ucznia\n\tna&nbsp;zaj\u0119cia praktyczne (do 17 lipca 2026 r.)<\/font><\/font><\/p>\n<\/ol>\n\n\n\n\n\n<figure class=\"wp-block-gallery has-nested-images columns-default is-cropped wp-block-gallery-1 is-layout-flex wp-block-gallery-is-layout-flex\">\n<figure class=\"wp-block-image size-large\"><a href=\"https:\/\/www.cech.nowytarg.pl\/wp-content\/uploads\/2025\/03\/ulotka_str_1-1.jpg\"><img decoding=\"async\" loading=\"lazy\" width=\"724\" height=\"1024\" data-id=\"5850\" src=\"https:\/\/www.cech.nowytarg.pl\/wp-content\/uploads\/2025\/03\/ulotka_str_1-1-724x1024.jpg\" alt=\"\" class=\"wp-image-5850\" srcset=\"https:\/\/www.cech.nowytarg.pl\/wp-content\/uploads\/2025\/03\/ulotka_str_1-1-724x1024.jpg 724w, https:\/\/www.cech.nowytarg.pl\/wp-content\/uploads\/2025\/03\/ulotka_str_1-1-212x300.jpg 212w, https:\/\/www.cech.nowytarg.pl\/wp-content\/uploads\/2025\/03\/ulotka_str_1-1-768x1086.jpg 768w, https:\/\/www.cech.nowytarg.pl\/wp-content\/uploads\/2025\/03\/ulotka_str_1-1-1086x1536.jpg 1086w, https:\/\/www.cech.nowytarg.pl\/wp-content\/uploads\/2025\/03\/ulotka_str_1-1.jpg 1170w\" sizes=\"(max-width: 724px) 100vw, 724px\" \/><\/a><\/figure>\n\n\n\n<figure class=\"wp-block-image size-large\"><a href=\"https:\/\/www.cech.nowytarg.pl\/wp-content\/uploads\/2024\/03\/ulotka_str_2.jpg\"><img decoding=\"async\" loading=\"lazy\" width=\"724\" height=\"1024\" data-id=\"5846\" src=\"https:\/\/www.cech.nowytarg.pl\/wp-content\/uploads\/2024\/03\/ulotka_str_2-724x1024.jpg\" alt=\"\" class=\"wp-image-5846\" srcset=\"https:\/\/www.cech.nowytarg.pl\/wp-content\/uploads\/2024\/03\/ulotka_str_2-724x1024.jpg 724w, https:\/\/www.cech.nowytarg.pl\/wp-content\/uploads\/2024\/03\/ulotka_str_2-212x300.jpg 212w, https:\/\/www.cech.nowytarg.pl\/wp-content\/uploads\/2024\/03\/ulotka_str_2-768x1086.jpg 768w, https:\/\/www.cech.nowytarg.pl\/wp-content\/uploads\/2024\/03\/ulotka_str_2-1086x1536.jpg 1086w, https:\/\/www.cech.nowytarg.pl\/wp-content\/uploads\/2024\/03\/ulotka_str_2.jpg 1170w\" sizes=\"(max-width: 724px) 100vw, 724px\" \/><\/a><\/figure>\n<\/figure>\n","protected":false},"excerpt":{"rendered":"<p>1. O przyj\u0119cie do klasy pierwszej ZSB I stopnia CRR w Nowym Targu prowadz\u0105cej kszta\u0142cenie zawodowe mog\u0105 ubiega\u0107 si\u0119 absolwenci szko\u0142y podstawowej. 2. O przyj\u0119cie do klasy pierwszej ZSB I stopnia CRR w Nowym Targu prowadz\u0105cej kszta\u0142cenie zawodowe mog\u0105 ubiega\u0107 si\u0119 wy\u0142\u0105cznie uczniowie, kt\u00f3rych stan zdrowia umo\u017cliwia kszta\u0142cenie w&nbsp;danym zawodzie oraz niepe\u0142nosprawno\u015b\u0107 okre\u015blona w&nbsp;orzeczeniu o [&hellip;]<\/p>\n","protected":false},"author":3,"featured_media":5845,"parent":0,"menu_order":0,"comment_status":"closed","ping_status":"closed","template":"","meta":{"footnotes":""},"_links":{"self":[{"href":"https:\/\/www.cech.nowytarg.pl\/index.php\/wp-json\/wp\/v2\/pages\/5263"}],"collection":[{"href":"https:\/\/www.cech.nowytarg.pl\/index.php\/wp-json\/wp\/v2\/pages"}],"about":[{"href":"https:\/\/www.cech.nowytarg.pl\/index.php\/wp-json\/wp\/v2\/types\/page"}],"author":[{"embeddable":true,"href":"https:\/\/www.cech.nowytarg.pl\/index.php\/wp-json\/wp\/v2\/users\/3"}],"replies":[{"embeddable":true,"href":"https:\/\/www.cech.nowytarg.pl\/index.php\/wp-json\/wp\/v2\/comments?post=5263"}],"version-history":[{"count":7,"href":"https:\/\/www.cech.nowytarg.pl\/index.php\/wp-json\/wp\/v2\/pages\/5263\/revisions"}],"predecessor-version":[{"id":6224,"href":"https:\/\/www.cech.nowytarg.pl\/index.php\/wp-json\/wp\/v2\/pages\/5263\/revisions\/6224"}],"wp:featuredmedia":[{"embeddable":true,"href":"https:\/\/www.cech.nowytarg.pl\/index.php\/wp-json\/wp\/v2\/media\/5845"}],"wp:attachment":[{"href":"https:\/\/www.cech.nowytarg.pl\/index.php\/wp-json\/wp\/v2\/media?parent=5263"}],"curies":[{"name":"wp","href":"https:\/\/api.w.org\/{rel}","templated":true}]}}