{"id":5347,"date":"2024-06-04T11:09:02","date_gmt":"2024-06-04T09:09:02","guid":{"rendered":"https:\/\/www.cech.nowytarg.pl\/?page_id=5347"},"modified":"2026-03-17T14:44:15","modified_gmt":"2026-03-17T13:44:15","slug":"cech-wynagrodzenia-i-wskazniki","status":"publish","type":"page","link":"https:\/\/www.cech.nowytarg.pl\/index.php\/cech-wynagrodzenia-i-wskazniki\/","title":{"rendered":"CECH &#8211; Wynagrodzenia i wska\u017aniki"},"content":{"rendered":"\n<p><\/p>\n\n\n\n<p><\/p>\n\n\n\n\n\n\n\t\n\t<title><\/title>\n\t\n\t\n\t\n\t\n\t\t\n\t\n\n<p style=\"line-height: 115%\">\n<br \/>\n<br \/>\n\n<\/p>\n<p align=\"center\" style=\"line-height: 115%\"><font face=\"Times New Roman, serif\"><font size=\"4\" style=\"font-size: 14pt\">Aktualne\nwynagrodzenia pracownik\u00f3w m\u0142odocianych<\/font><\/font><\/p>\n<p style=\"line-height: 115%\"><br \/>\n<br \/>\n\n<\/p>\n<p style=\"line-height: 115%\"><br \/>\n<br \/>\n\n<\/p>\n<p style=\"line-height: 115%\"><font face=\"Times New Roman, serif\"><u>Stawki\nza okres <\/u><u>marzec, kwiecie\u0144, maj 2026 r.<\/u><\/font><\/p>\n<p style=\"line-height: 115%\"><br \/>\n<br \/>\n\n<\/p>\n<p align=\"left\" style=\"line-height: 115%\"><font face=\"Times New Roman, serif\">Przeci\u0119tne\nwynagrodzenia w IV kwartale 2025 r. wynios\u0142o 9.197,79 z\u0142 brutto <\/font>\n<\/p>\n<p align=\"left\" style=\"line-height: 115%\"><font face=\"Times New Roman, serif\">(Mon.\nPol. z 2025 r. poz. 194).<\/font><\/p>\n<table width=\"643\" cellpadding=\"4\" cellspacing=\"0\">\n\t<col width=\"505\" \/>\n\n\t<col width=\"120\" \/>\n\n\t<tr valign=\"top\">\n\t\t<td width=\"505\" style=\"border-top: 1px solid #000000;border-bottom: 1px solid #000000;border-left: 1px solid #000000;border-right: none;padding-top: 0.1cm;padding-bottom: 0.1cm;padding-left: 0.1cm;padding-right: 0cm\"><p align=\"center\">\n\t\t\t<font face=\"Times New Roman, serif\"><b>Okres<\/b><\/font><\/p>\n\t\t<\/td>\n\t\t<td width=\"120\" style=\"border: 1px solid #000000;padding: 0.1cm\"><p align=\"center\">\n\t\t\t<font face=\"Times New Roman, serif\"><b>Stawka<\/b><\/font><\/p>\n\t\t<\/td>\n\t<\/tr>\n\t<tr><\/tr>\n\t<tr><\/tr>\n\t<tr><\/tr>\n\t<tr><\/tr>\n\t<tr><\/tr>\n\t<tr><\/tr>\n\t<tr><\/tr>\n\t<tr><\/tr>\n\t<tr><\/tr>\n\t<tr valign=\"top\">\n\t\t<td width=\"505\" style=\"border-top: none;border-bottom: 1px solid #000000;border-left: 1px solid #000000;border-right: none;padding-top: 0cm;padding-bottom: 0.1cm;padding-left: 0.1cm;padding-right: 0cm\"><p>\n\t\t\t<font face=\"Times New Roman, serif\">nie mniej ni\u017c 8% ww.\n\t\t\twynagrodzenia w I roku nauki lub klasie I bran\u017cowej szko\u0142y I\n\t\t\tstopnia<\/font><\/p>\n\t\t<\/td>\n\t\t<td width=\"120\" style=\"border-top: none;border-bottom: 1px solid #000000;border-left: 1px solid #000000;border-right: 1px solid #000000;padding-top: 0cm;padding-bottom: 0.1cm;padding-left: 0.1cm;padding-right: 0.1cm\"><p>\n\t\t\t<font face=\"Times New Roman, serif\">735,82 z\u0142 brutto<\/font><\/p>\n\t\t<\/td>\n\t<\/tr>\n\t<tr><\/tr>\n\t<tr><\/tr>\n\t<tr><\/tr>\n\t<tr><\/tr>\n\t<tr><\/tr>\n\t<tr><\/tr>\n\t<tr><\/tr>\n\t<tr><\/tr>\n\t<tr><\/tr>\n\t<tr valign=\"top\">\n\t\t<td width=\"505\" style=\"border-top: none;border-bottom: 1px solid #000000;border-left: 1px solid #000000;border-right: none;padding-top: 0cm;padding-bottom: 0.1cm;padding-left: 0.1cm;padding-right: 0cm\"><p>\n\t\t\t<font face=\"Times New Roman, serif\">nie mniej ni\u017c 9% ww.\n\t\t\twynagrodzenia w II roku nauki lub klasie II bran\u017cowej szko\u0142y I\n\t\t\tstopnia<\/font><\/p>\n\t\t<\/td>\n\t\t<td width=\"120\" style=\"border-top: none;border-bottom: 1px solid #000000;border-left: 1px solid #000000;border-right: 1px solid #000000;padding-top: 0cm;padding-bottom: 0.1cm;padding-left: 0.1cm;padding-right: 0.1cm\"><p>\n\t\t\t<font face=\"Times New Roman, serif\">827,80 z\u0142 brutto<\/font><\/p>\n\t\t<\/td>\n\t<\/tr>\n\t<tr><\/tr>\n\t<tr><\/tr>\n\t<tr><\/tr>\n\t<tr><\/tr>\n\t<tr><\/tr>\n\t<tr><\/tr>\n\t<tr><\/tr>\n\t<tr><\/tr>\n\t<tr><\/tr>\n\t<tr valign=\"top\">\n\t\t<td width=\"505\" style=\"border-top: none;border-bottom: 1px solid #000000;border-left: 1px solid #000000;border-right: none;padding-top: 0cm;padding-bottom: 0.1cm;padding-left: 0.1cm;padding-right: 0cm\"><p>\n\t\t\t<font face=\"Times New Roman, serif\">nie mniej ni\u017c 10% ww.\n\t\t\twynagrodzenia w III roku nauki lub klasie III bran\u017cowej szko\u0142y I\n\t\t\tstopnia<\/font><\/p>\n\t\t<\/td>\n\t\t<td width=\"120\" style=\"border-top: none;border-bottom: 1px solid #000000;border-left: 1px solid #000000;border-right: 1px solid #000000;padding-top: 0cm;padding-bottom: 0.1cm;padding-left: 0.1cm;padding-right: 0.1cm\"><p>\n\t\t\t<font face=\"Times New Roman, serif\">919,78 z\u0142 brutto<\/font><\/p>\n\t\t<\/td>\n\t<\/tr>\n\t<tr><\/tr>\n\t<tr><\/tr>\n\t<tr><\/tr>\n\t<tr><\/tr>\n\t<tr><\/tr>\n\t<tr><\/tr>\n\t<tr><\/tr>\n\t<tr><\/tr>\n\t<tr><\/tr>\n\t<tr valign=\"top\">\n\t\t<td width=\"505\" style=\"border-top: none;border-bottom: 1px solid #000000;border-left: 1px solid #000000;border-right: none;padding-top: 0cm;padding-bottom: 0.1cm;padding-left: 0.1cm;padding-right: 0cm\"><p>\n\t\t\t<font face=\"Times New Roman, serif\">nie mniej ni\u017c 7% w razie\n\t\t\todbywania przyuczenia do wykonywania okre\u015blonej pracy<\/font><\/p>\n\t\t<\/td>\n\t\t<td width=\"120\" style=\"border-top: none;border-bottom: 1px solid #000000;border-left: 1px solid #000000;border-right: 1px solid #000000;padding-top: 0cm;padding-bottom: 0.1cm;padding-left: 0.1cm;padding-right: 0.1cm\"><p>\n\t\t\t<font face=\"Times New Roman, serif\">643,85 z\u0142 brutto<\/font><\/p>\n\t\t<\/td>\n\t<\/tr>\n<\/table>\n<p style=\"line-height: 115%;margin-bottom: 0cm\"><br \/>\n\n<\/p>\n\n\n\n\n\n<p><\/p>\n","protected":false},"excerpt":{"rendered":"<p>Aktualne wynagrodzenia pracownik\u00f3w m\u0142odocianych Stawki za okres marzec, kwiecie\u0144, maj 2026 r. Przeci\u0119tne wynagrodzenia w IV kwartale 2025 r. wynios\u0142o 9.197,79 z\u0142 brutto (Mon. Pol. z 2025 r. poz. 194). Okres Stawka nie mniej ni\u017c 8% ww. wynagrodzenia w I roku nauki lub klasie I bran\u017cowej szko\u0142y I stopnia 735,82 z\u0142 brutto nie mniej ni\u017c [&hellip;]<\/p>\n","protected":false},"author":3,"featured_media":5348,"parent":0,"menu_order":0,"comment_status":"closed","ping_status":"closed","template":"","meta":{"footnotes":""},"_links":{"self":[{"href":"https:\/\/www.cech.nowytarg.pl\/index.php\/wp-json\/wp\/v2\/pages\/5347"}],"collection":[{"href":"https:\/\/www.cech.nowytarg.pl\/index.php\/wp-json\/wp\/v2\/pages"}],"about":[{"href":"https:\/\/www.cech.nowytarg.pl\/index.php\/wp-json\/wp\/v2\/types\/page"}],"author":[{"embeddable":true,"href":"https:\/\/www.cech.nowytarg.pl\/index.php\/wp-json\/wp\/v2\/users\/3"}],"replies":[{"embeddable":true,"href":"https:\/\/www.cech.nowytarg.pl\/index.php\/wp-json\/wp\/v2\/comments?post=5347"}],"version-history":[{"count":21,"href":"https:\/\/www.cech.nowytarg.pl\/index.php\/wp-json\/wp\/v2\/pages\/5347\/revisions"}],"predecessor-version":[{"id":6199,"href":"https:\/\/www.cech.nowytarg.pl\/index.php\/wp-json\/wp\/v2\/pages\/5347\/revisions\/6199"}],"wp:featuredmedia":[{"embeddable":true,"href":"https:\/\/www.cech.nowytarg.pl\/index.php\/wp-json\/wp\/v2\/media\/5348"}],"wp:attachment":[{"href":"https:\/\/www.cech.nowytarg.pl\/index.php\/wp-json\/wp\/v2\/media?parent=5347"}],"curies":[{"name":"wp","href":"https:\/\/api.w.org\/{rel}","templated":true}]}}